{"id":11160,"date":"2021-06-29T15:41:05","date_gmt":"2021-06-29T15:41:05","guid":{"rendered":"https:\/\/www.aktionlegal.com\/?page_id=11160"},"modified":"2021-08-25T06:29:46","modified_gmt":"2021-08-25T06:29:46","slug":"politica-de-privacidad","status":"publish","type":"page","link":"https:\/\/www.aktionlegal.com\/en\/politica-de-privacidad\/","title":{"rendered":"Privacy policy"},"content":{"rendered":"\t\t<div data-elementor-type=\"wp-page\" data-elementor-id=\"11160\" class=\"elementor elementor-11160\" data-elementor-post-type=\"page\">\n\t\t\t\t\t\t<section class=\"elementor-section elementor-top-section elementor-element elementor-element-aff0f71 elementor-section-stretched elementor-section-boxed elementor-section-height-default elementor-section-height-default\" data-id=\"aff0f71\" data-element_type=\"section\" data-e-type=\"section\" data-settings=\"{&quot;jet_parallax_layout_list&quot;:[{&quot;_id&quot;:&quot;8babef3&quot;,&quot;jet_parallax_layout_image&quot;:{&quot;url&quot;:&quot;&quot;,&quot;id&quot;:&quot;&quot;,&quot;size&quot;:&quot;&quot;},&quot;jet_parallax_layout_image_tablet&quot;:{&quot;url&quot;:&quot;&quot;,&quot;id&quot;:&quot;&quot;,&quot;size&quot;:&quot;&quot;},&quot;jet_parallax_layout_image_mobile&quot;:{&quot;url&quot;:&quot;&quot;,&quot;id&quot;:&quot;&quot;,&quot;size&quot;:&quot;&quot;},&quot;jet_parallax_layout_speed&quot;:{&quot;unit&quot;:&quot;%&quot;,&quot;size&quot;:50,&quot;sizes&quot;:[]},&quot;jet_parallax_layout_type&quot;:&quot;scroll&quot;,&quot;jet_parallax_layout_direction&quot;:&quot;1&quot;,&quot;jet_parallax_layout_fx_direction&quot;:null,&quot;jet_parallax_layout_z_index&quot;:&quot;&quot;,&quot;jet_parallax_layout_bg_x&quot;:50,&quot;jet_parallax_layout_bg_x_tablet&quot;:&quot;&quot;,&quot;jet_parallax_layout_bg_x_mobile&quot;:&quot;&quot;,&quot;jet_parallax_layout_bg_y&quot;:50,&quot;jet_parallax_layout_bg_y_tablet&quot;:&quot;&quot;,&quot;jet_parallax_layout_bg_y_mobile&quot;:&quot;&quot;,&quot;jet_parallax_layout_bg_size&quot;:&quot;auto&quot;,&quot;jet_parallax_layout_bg_size_tablet&quot;:&quot;&quot;,&quot;jet_parallax_layout_bg_size_mobile&quot;:&quot;&quot;,&quot;jet_parallax_layout_animation_prop&quot;:&quot;transform&quot;,&quot;jet_parallax_layout_on&quot;:[&quot;desktop&quot;,&quot;tablet&quot;]}],&quot;background_background&quot;:&quot;classic&quot;,&quot;stretch_section&quot;:&quot;section-stretched&quot;}\">\n\t\t\t\t\t\t<div class=\"elementor-container elementor-column-gap-default\">\n\t\t\t\t\t<div class=\"elementor-column elementor-col-100 elementor-top-column elementor-element elementor-element-8748fc2\" data-id=\"8748fc2\" data-element_type=\"column\" data-e-type=\"column\">\n\t\t\t<div class=\"elementor-widget-wrap elementor-element-populated\">\n\t\t\t\t\t\t<section class=\"elementor-section elementor-inner-section elementor-element elementor-element-a009d31 elementor-section-boxed elementor-section-height-default elementor-section-height-default\" data-id=\"a009d31\" data-element_type=\"section\" data-e-type=\"section\" data-settings=\"{&quot;jet_parallax_layout_list&quot;:[{&quot;_id&quot;:&quot;a4b270d&quot;,&quot;jet_parallax_layout_image&quot;:{&quot;url&quot;:&quot;&quot;,&quot;id&quot;:&quot;&quot;,&quot;size&quot;:&quot;&quot;},&quot;jet_parallax_layout_image_tablet&quot;:{&quot;url&quot;:&quot;&quot;,&quot;id&quot;:&quot;&quot;,&quot;size&quot;:&quot;&quot;},&quot;jet_parallax_layout_image_mobile&quot;:{&quot;url&quot;:&quot;&quot;,&quot;id&quot;:&quot;&quot;,&quot;size&quot;:&quot;&quot;},&quot;jet_parallax_layout_speed&quot;:{&quot;unit&quot;:&quot;%&quot;,&quot;size&quot;:50,&quot;sizes&quot;:[]},&quot;jet_parallax_layout_type&quot;:&quot;scroll&quot;,&quot;jet_parallax_layout_direction&quot;:&quot;1&quot;,&quot;jet_parallax_layout_fx_direction&quot;:null,&quot;jet_parallax_layout_z_index&quot;:&quot;&quot;,&quot;jet_parallax_layout_bg_x&quot;:50,&quot;jet_parallax_layout_bg_x_tablet&quot;:&quot;&quot;,&quot;jet_parallax_layout_bg_x_mobile&quot;:&quot;&quot;,&quot;jet_parallax_layout_bg_y&quot;:50,&quot;jet_parallax_layout_bg_y_tablet&quot;:&quot;&quot;,&quot;jet_parallax_layout_bg_y_mobile&quot;:&quot;&quot;,&quot;jet_parallax_layout_bg_size&quot;:&quot;auto&quot;,&quot;jet_parallax_layout_bg_size_tablet&quot;:&quot;&quot;,&quot;jet_parallax_layout_bg_size_mobile&quot;:&quot;&quot;,&quot;jet_parallax_layout_animation_prop&quot;:&quot;transform&quot;,&quot;jet_parallax_layout_on&quot;:[&quot;desktop&quot;,&quot;tablet&quot;]}]}\">\n\t\t\t\t\t\t<div class=\"elementor-container elementor-column-gap-default\">\n\t\t\t\t\t<div class=\"elementor-column elementor-col-50 elementor-inner-column elementor-element elementor-element-0f37725\" data-id=\"0f37725\" data-element_type=\"column\" data-e-type=\"column\">\n\t\t\t<div class=\"elementor-widget-wrap elementor-element-populated\">\n\t\t\t\t\t\t<div class=\"elementor-element elementor-element-1df42d6 animated-slow elementor-invisible elementor-widget elementor-widget-text-editor\" data-id=\"1df42d6\" data-element_type=\"widget\" data-e-type=\"widget\" data-settings=\"{&quot;_animation&quot;:&quot;fadeInUp&quot;}\" data-widget_type=\"text-editor.default\">\n\t\t\t\t<div class=\"elementor-widget-container\">\n\t\t\t\t\t\t\t\t\tPolitica de privacidad\t\t\t\t\t\t\t\t<\/div>\n\t\t\t\t<\/div>\n\t\t\t\t\t<\/div>\n\t\t<\/div>\n\t\t\t\t<div class=\"elementor-column elementor-col-50 elementor-inner-column elementor-element elementor-element-34b0124\" data-id=\"34b0124\" data-element_type=\"column\" data-e-type=\"column\">\n\t\t\t<div class=\"elementor-widget-wrap elementor-element-populated\">\n\t\t\t\t\t\t<div class=\"elementor-element elementor-element-d402d7f animated-slow elementor-invisible elementor-widget elementor-widget-text-editor\" data-id=\"d402d7f\" data-element_type=\"widget\" data-e-type=\"widget\" data-settings=\"{&quot;_animation&quot;:&quot;fadeInUp&quot;,&quot;_animation_delay&quot;:400}\" data-widget_type=\"text-editor.default\">\n\t\t\t\t<div class=\"elementor-widget-container\">\n\t\t\t\t\t\t\t\t\t<p><b>\u00bfQUI\u00c9N ES EL RESPONSABLE DE TRATAMIENTO?<\/b><\/p><p><span style=\"font-weight: 400;\">AKTION LEGAL PARTNERS, S.L.P (en adelante \u201cAKTION\u201d o \u201cnosotros\u201d) con NIF B98927759 y con domicilio en calle Isabel la Cat\u00f3lica, 8 -Oficinas 36-37, 46004 Valencia (Espa\u00f1a) es el responsable del tratamiento de sus datos personales, los cuales ser\u00e1n tratados de acuerdo con los par\u00e1metros expuestos en la presente pol\u00edtica.\u00a0<\/span><\/p><p><span style=\"font-weight: 400;\">AKTION es propietaria del dominio \u00abaktionlegal.com\u00bb as\u00ed como de esta web que pone a disposici\u00f3n de sus clientes y usuarios con la finalidad de informar sobre su identidad corporativa, actividades, servicios y sus pol\u00edticas y condiciones. Si desea contactar con nosotros, puede hacerlo en la siguiente direcci\u00f3n: <\/span><a href=\"mailto:lopd@aktionlegal.com\"><span style=\"font-weight: 400;\">lopd@aktionlegal.com<\/span><\/a><\/p><p><b>\u00bfCU\u00c1LES SON LOS DETALLES DEL TRATAMIENTO DE DATOS DE SUS DATOS?<\/b><\/p><p><span style=\"font-weight: 400;\">Recogemos y tratamos la informaci\u00f3n que usted nos proporciona o a la que tenemos acceso en el transcurso de la navegaci\u00f3n en el entorno de nuestra p\u00e1gina web, en los t\u00e9rminos establecidos en esta Pol\u00edtica de Privacidad.\u00a0<\/span><\/p><p><span style=\"font-weight: 400;\">A continuaci\u00f3n encontrar\u00e1 m\u00e1s detalles sobre los tratamientos de dichos datos, clasificados seg\u00fan su finalidad:<\/span><\/p><ul><li aria-level=\"1\"><b>Funcionalidad de la web:<\/b><\/li><\/ul><ul><li style=\"font-weight: 400;\" aria-level=\"1\"><span style=\"font-weight: 400;\">Datos tratados:<\/span><span style=\"font-weight: 400;\"> datos de navegaci\u00f3n, incluyendo la direcci\u00f3n IP, h\u00e1bitos de navegaci\u00f3n, preferencias de uso, idioma, sistema operativo de tu terminal, etc.<\/span><\/li><\/ul><ul><li style=\"font-weight: 400;\" aria-level=\"1\"><span style=\"font-weight: 400;\">M\u00e9todo de obtenci\u00f3n<\/span><span style=\"font-weight: 400;\"> a trav\u00e9s de la navegaci\u00f3n por el entorno de nuestra web.<\/span><\/li><\/ul><ul><li style=\"font-weight: 400;\" aria-level=\"1\"><span style=\"font-weight: 400;\">Bases de legitimaci\u00f3n:<\/span><span style=\"font-weight: 400;\"> su consentimiento y nuestro inter\u00e9s leg\u00edtimo.<\/span><\/li><\/ul><ul><li style=\"font-weight: 400;\" aria-level=\"1\"><span style=\"font-weight: 400;\">Periodo de retenci\u00f3n:<\/span><span style=\"font-weight: 400;\"> 18 meses como m\u00e1ximo.<\/span><\/li><li style=\"font-weight: 400;\" aria-level=\"1\"><span style=\"font-weight: 400;\">Comunicaci\u00f3n<\/span><span style=\"font-weight: 400;\">: los datos recabados por las cookies t\u00e9cnicas podr\u00e1n ser comunicados a nuestros proveedores de alojamiento web (Automattic, Inc.) y otros como Google Ireland, Ltd.<\/span><\/li><li style=\"font-weight: 400;\" aria-level=\"1\"><span style=\"font-weight: 400;\">Transferencias internacionales<\/span><span style=\"font-weight: 400;\">: los datos recabados por distintas de cookies de terceros son comunicados a los mismos, de los cuales, Youtube Inc. y MailerLite, se encuentran en terceros pa\u00edses.<\/span><\/li><\/ul><ul><li aria-level=\"1\"><b>Resoluci\u00f3n de consultas previas a la contrataci\u00f3n:<\/b><\/li><\/ul><ul><li style=\"font-weight: 400;\" aria-level=\"1\"><span style=\"font-weight: 400;\">Datos tratados:<\/span><span style=\"font-weight: 400;\"> datos identificativos, concretamente nombre y apellido y datos de contacto, los cuales pueden referirse a direcci\u00f3n de correo electr\u00f3nico y\/o tel\u00e9fono.<\/span><\/li><\/ul><ul><li style=\"font-weight: 400;\" aria-level=\"1\"><span style=\"font-weight: 400;\">M\u00e9todo de obtenci\u00f3n<\/span><span style=\"font-weight: 400;\"> directamente de los usuarios, cuando \u00e9stos rellenan el formulario de contacto o contactan directamente con AKTION.<\/span><\/li><\/ul><ul><li style=\"font-weight: 400;\" aria-level=\"1\"><span style=\"font-weight: 400;\">Bases de legitimaci\u00f3n:<\/span><span style=\"font-weight: 400;\"> consentimiento de los usuarios.<\/span><\/li><\/ul><ul><li style=\"font-weight: 400;\" aria-level=\"1\"><span style=\"font-weight: 400;\">Periodo de retenci\u00f3n:<\/span><span style=\"font-weight: 400;\"> una vez alcanzada la finalidad para la que fueron recabados, los datos ser\u00e1n conservados un plazo m\u00e1ximo de 18 meses.<\/span><\/li><li style=\"font-weight: 400;\" aria-level=\"1\"><span style=\"font-weight: 400;\">Comunicaci\u00f3n<\/span><span style=\"font-weight: 400;\">: a nuestros proveedores de alojamiento web y prestadores de servicios similares (Automattic, Inc.; Google Ireland, Ltd,).<\/span><\/li><li style=\"font-weight: 400;\" aria-level=\"1\"><span style=\"font-weight: 400;\">Transferencias internacionales<\/span><span style=\"font-weight: 400;\">: no se prev\u00e9n comunicaciones de datos a terceros pa\u00edses.<\/span><\/li><\/ul><ul><li aria-level=\"1\"><b>Prestaci\u00f3n de servicios contratados:<\/b><\/li><\/ul><ul><li style=\"font-weight: 400;\" aria-level=\"1\"><span style=\"font-weight: 400;\">Datos tratados:<\/span><span style=\"font-weight: 400;\"> datos identificativos (nombre y apellido), datos de contacto, se refieren a direcci\u00f3n de correo electr\u00f3nico, tel\u00e9fono, domicilio; datos financieros y datos de pago.<\/span><\/li><\/ul><ul><li style=\"font-weight: 400;\" aria-level=\"1\"><span style=\"font-weight: 400;\">M\u00e9todo de obtenci\u00f3n<\/span><span style=\"font-weight: 400;\"> directamente del cliente.<\/span><\/li><\/ul><ul><li style=\"font-weight: 400;\" aria-level=\"1\"><span style=\"font-weight: 400;\">Bases de legitimaci\u00f3n:<\/span><span style=\"font-weight: 400;\"> el tratamiento es necesario para la ejecuci\u00f3n de un contrato en el que el interesado es parte, y el consentimiento del usuario.\u00a0<\/span><\/li><\/ul><ul><li style=\"font-weight: 400;\" aria-level=\"1\"><span style=\"font-weight: 400;\">Periodo de retenci\u00f3n:<\/span><span style=\"font-weight: 400;\"> mientras dure el encargo de prestaci\u00f3n de servicios y, tras su finalizaci\u00f3n, se conservar\u00e1n por los plazos previstos legalmente para cumplir con las obligaciones fiscales y laborales.<\/span><\/li><li style=\"font-weight: 400;\" aria-level=\"1\"><span style=\"font-weight: 400;\">Comunicaci\u00f3n<\/span><span style=\"font-weight: 400;\">: los datos podr\u00e1n ser comunicados tanto a terceros colaboradoras, por ejemplo gestor\u00edas y notar\u00edas, como a instituciones p\u00fablicas (Registro Mercantil, Registro de la Propiedad, etc.)<\/span><\/li><li style=\"font-weight: 400;\" aria-level=\"1\"><span style=\"font-weight: 400;\">Transferencias internacionales<\/span><span style=\"font-weight: 400;\">: no se prev\u00e9n comunicaciones de datos a terceros pa\u00edses.<\/span><\/li><\/ul><ul><li aria-level=\"1\"><b>Env\u00edo de comunicaciones comerciales:\u00a0<\/b><\/li><\/ul><ul><li style=\"font-weight: 400;\" aria-level=\"1\"><span style=\"font-weight: 400;\">Datos tratados:<\/span><span style=\"font-weight: 400;\"> datos identificativos (nombre y apellido) y datos de contacto (correo electr\u00f3nico)<\/span><\/li><\/ul><ul><li style=\"font-weight: 400;\" aria-level=\"1\"><span style=\"font-weight: 400;\">M\u00e9todo de obtenci\u00f3n<\/span><span style=\"font-weight: 400;\"> directamente del usuario.<\/span><\/li><\/ul><ul><li style=\"font-weight: 400;\" aria-level=\"1\"><span style=\"font-weight: 400;\">Bases de legitimaci\u00f3n:<\/span><span style=\"font-weight: 400;\"> el consentimiento del usuario.<\/span><\/li><\/ul><ul><li style=\"font-weight: 400;\" aria-level=\"1\"><span style=\"font-weight: 400;\">Periodo de retenci\u00f3n:<\/span><span style=\"font-weight: 400;\"> hasta que el usuario retire su consentimiento.<\/span><\/li><li style=\"font-weight: 400;\" aria-level=\"1\"><span style=\"font-weight: 400;\">Comunicaci\u00f3n<\/span><span style=\"font-weight: 400;\">: ser\u00e1n tratados siempre que el consentimiento no se haya revocado. Una vez revocado, se conservar\u00e1n como m\u00e1ximo 18 meses.<\/span><\/li><li style=\"font-weight: 400;\" aria-level=\"1\"><span style=\"font-weight: 400;\">Transferencias internacionales<\/span><span style=\"font-weight: 400;\">: los datos recabados para el env\u00edo de comunicaciones comerciales, en el caso de que el usuario lo haya consentido expresamente, ser\u00e1n comunicados a nuestro proveedor de este servicio, MailerLite.<\/span><\/li><\/ul><ul><li aria-level=\"1\"><b>Reclutamiento<\/b><\/li><\/ul><ul><li style=\"font-weight: 400;\" aria-level=\"1\"><span style=\"font-weight: 400;\">Datos tratados:<\/span><span style=\"font-weight: 400;\"> datos identificativos (nombre y apellido); datos de contacto (correo electr\u00f3nico, tel\u00e9fono, direcci\u00f3n postal); datos de formaci\u00f3n; datos laborales y perfiles de redes sociales.<\/span><\/li><\/ul><ul><li style=\"font-weight: 400;\" aria-level=\"1\"><span style=\"font-weight: 400;\">M\u00e9todo de obtenci\u00f3n<\/span><span style=\"font-weight: 400;\"> directamente del usuario, cuando remite su CV a AKTION o cuando se postula como candidato a trav\u00e9s de ofertas publicadas en redes sociales o similares.<\/span><\/li><\/ul><ul><li style=\"font-weight: 400;\" aria-level=\"1\"><span style=\"font-weight: 400;\">Bases de legitimaci\u00f3n:<\/span><span style=\"font-weight: 400;\"> el consentimiento del usuario.<\/span><\/li><\/ul><ul><li style=\"font-weight: 400;\" aria-level=\"1\"><span style=\"font-weight: 400;\">Periodo de retenci\u00f3n:<\/span><span style=\"font-weight: 400;\"> 24 meses desde la recepci\u00f3n de los datos o desde su actualizaci\u00f3n.<\/span><\/li><li style=\"font-weight: 400;\" aria-level=\"1\"><span style=\"font-weight: 400;\">Comunicaci\u00f3n<\/span><span style=\"font-weight: 400;\">: cuando los datos sean aportados a trav\u00e9s en una plataforma diferente, se prev\u00e9 la comunicaci\u00f3n de los mismos por motivo de un encargo de tratamiento a Typeform, S.L. El resto de los datos podr\u00eda ser comunicado a organismos de la Seguridad Social, Hacienda, e inspecciones de trabajo u organismos competentes en la materia.<\/span><\/li><\/ul><p><b>\u00bfDE D\u00d3NDE PROVIENEN TUS DATOS?<\/b><\/p><p><span style=\"font-weight: 400;\">Todos los datos proceden del interesado. Ya sea por medio del uso del formulario de contacto, porque ha consentido el tratamiento de sus datos para fines comerciales, o mediante el acceso y navegaci\u00f3n web, los cuales se recaban a trav\u00e9s de las cookies t\u00e9cnicas o aquellas que hayas aceptado. En caso de desear informaci\u00f3n adicional, por favor, contacte con: <\/span><a href=\"mailto:lopd@aktionlegal.com\"><span style=\"font-weight: 400;\">lopd@aktionlegal.com<\/span><\/a><span style=\"font-weight: 400;\">.<\/span><\/p><p><b>\u00bfCU\u00c1LES SON TUS DERECHOS SOBRE TUS DATOS?\u00a0<\/b><\/p><p><span style=\"font-weight: 400;\">Tiene derecho a solicitar a AKTION en la siguiente direcci\u00f3n <\/span><a href=\"mailto:lopd@aktionlegal.com\"><span style=\"font-weight: 400;\">lopd@aktionlegal.com<\/span><\/a><span style=\"font-weight: 400;\">\u00a0<\/span><\/p><ul><li style=\"font-weight: 400;\" aria-level=\"1\"><span style=\"font-weight: 400;\">el acceso a sus datos, que tambi\u00e9n puede consultar en la secci\u00f3n \u00abmis datos\u00bb,\u00a0<\/span><\/li><li style=\"font-weight: 400;\" aria-level=\"1\"><span style=\"font-weight: 400;\">la rectificaci\u00f3n de sus datos, porque tambi\u00e9n queremos asegurarnos de que su informaci\u00f3n es exacta y est\u00e1 actualizada,\u00a0<\/span><\/li><li style=\"font-weight: 400;\" aria-level=\"1\"><span style=\"font-weight: 400;\">la supresi\u00f3n de sus datos,\u00a0<\/span><\/li><li style=\"font-weight: 400;\" aria-level=\"1\"><span style=\"font-weight: 400;\">la limitaci\u00f3n del tratamiento de los datos que le conciernen,\u00a0<\/span><\/li><li style=\"font-weight: 400;\" aria-level=\"1\"><span style=\"font-weight: 400;\">la oposici\u00f3n al tratamiento de sus datos, cuando la legitimaci\u00f3n para el tratamiento de sus datos sea nuestro inter\u00e9s leg\u00edtimo,\u00a0<\/span><\/li><li style=\"font-weight: 400;\" aria-level=\"1\"><span style=\"font-weight: 400;\">la retirada de su consentimiento para el tratamiento de sus datos, cuando la legitimaci\u00f3n para el tratamiento de sus datos sea su consentimiento, y\u00a0<\/span><\/li><li style=\"font-weight: 400;\" aria-level=\"1\"><span style=\"font-weight: 400;\">la portabilidad de sus datos, cuando la legitimaci\u00f3n para el tratamiento de sus datos sea su consentimiento o la ejecuci\u00f3n de un contrato.<\/span><\/li><\/ul><p><span style=\"font-weight: 400;\">Adem\u00e1s, tienes derecho a presentar una reclamaci\u00f3n ante la Agencia Espa\u00f1ola de Protecci\u00f3n de Datos (AEPD) si tienes dudas o no est\u00e1s satisfecho con el ejercicio de tus derechos o el tratamiento que realizamos. Los datos de contacto son:<\/span><\/p><ul><li style=\"font-weight: 400;\" aria-level=\"1\"><span style=\"font-weight: 400;\">Agencia Espa\u00f1ola de Protecci\u00f3n de Datos (AEPD) -Espa\u00f1a-.<\/span><\/li><li style=\"font-weight: 400;\" aria-level=\"1\"><span style=\"font-weight: 400;\">Registro de entrada<\/span><\/li><li style=\"font-weight: 400;\" aria-level=\"1\"><span style=\"font-weight: 400;\">Calle Jorge Juan, 6 \/\/ C.P.: 28004 &#8211; Madrid<\/span><\/li><li style=\"font-weight: 400;\" aria-level=\"1\"><span style=\"font-weight: 400;\">Atenci\u00f3n telef\u00f3nica: +34 901 100 099 \/\/ +34 91 266 35 17<\/span><\/li><li style=\"font-weight: 400;\" aria-level=\"1\"><span style=\"font-weight: 400;\">https:\/\/www.aepd.es\/<\/span><\/li><\/ul><h3><br \/><br \/><\/h3>\t\t\t\t\t\t\t\t<\/div>\n\t\t\t\t<\/div>\n\t\t\t\t\t<\/div>\n\t\t<\/div>\n\t\t\t\t\t<\/div>\n\t\t<\/section>\n\t\t\t\t\t<\/div>\n\t\t<\/div>\n\t\t\t\t\t<\/div>\n\t\t<\/section>\n\t\t\t\t<\/div>\n\t\t","protected":false},"excerpt":{"rendered":"<p>Politica de privacidad \u00bfQUI\u00c9N ES EL RESPONSABLE DE TRATAMIENTO? AKTION LEGAL PARTNERS, S.L.P (en adelante \u201cAKTION\u201d o \u201cnosotros\u201d) con NIF B98927759 y con domicilio en calle Isabel la Cat\u00f3lica, 8 -Oficinas 36-37, 46004 Valencia (Espa\u00f1a) es el responsable del tratamiento de sus datos personales, los cuales ser\u00e1n tratados de acuerdo con los par\u00e1metros expuestos en [&hellip;]<\/p>\n","protected":false},"author":1,"featured_media":0,"parent":0,"menu_order":0,"comment_status":"closed","ping_status":"closed","template":"","meta":{"footnotes":""},"class_list":["post-11160","page","type-page","status-publish","hentry"],"_links":{"self":[{"href":"https:\/\/www.aktionlegal.com\/en\/wp-json\/wp\/v2\/pages\/11160","targetHints":{"allow":["GET"]}}],"collection":[{"href":"https:\/\/www.aktionlegal.com\/en\/wp-json\/wp\/v2\/pages"}],"about":[{"href":"https:\/\/www.aktionlegal.com\/en\/wp-json\/wp\/v2\/types\/page"}],"author":[{"embeddable":true,"href":"https:\/\/www.aktionlegal.com\/en\/wp-json\/wp\/v2\/users\/1"}],"replies":[{"embeddable":true,"href":"https:\/\/www.aktionlegal.com\/en\/wp-json\/wp\/v2\/comments?post=11160"}],"version-history":[{"count":0,"href":"https:\/\/www.aktionlegal.com\/en\/wp-json\/wp\/v2\/pages\/11160\/revisions"}],"wp:attachment":[{"href":"https:\/\/www.aktionlegal.com\/en\/wp-json\/wp\/v2\/media?parent=11160"}],"curies":[{"name":"wp","href":"https:\/\/api.w.org\/{rel}","templated":true}]}}