{"id":19526,"date":"2024-05-09T09:43:05","date_gmt":"2024-05-09T09:43:05","guid":{"rendered":"https:\/\/www.aktionlegal.com\/?page_id=19526"},"modified":"2024-05-09T09:52:52","modified_gmt":"2024-05-09T09:52:52","slug":"equipo-guillero-urbez","status":"publish","type":"page","link":"https:\/\/www.aktionlegal.com\/pt\/equipo-guillero-urbez\/","title":{"rendered":"Equipo &#8211; Guillero Urbez"},"content":{"rendered":"\t\t<div data-elementor-type=\"wp-page\" data-elementor-id=\"19526\" class=\"elementor elementor-19526\" data-elementor-post-type=\"page\">\n\t\t\t\t\t\t<section class=\"elementor-section elementor-top-section elementor-element elementor-element-d658911 elementor-section-stretched elementor-section-boxed elementor-section-height-default elementor-section-height-default\" data-id=\"d658911\" data-element_type=\"section\" data-e-type=\"section\" data-settings=\"{&quot;stretch_section&quot;:&quot;section-stretched&quot;,&quot;jet_parallax_layout_list&quot;:[{&quot;jet_parallax_layout_image&quot;:{&quot;url&quot;:&quot;&quot;,&quot;id&quot;:&quot;&quot;,&quot;size&quot;:&quot;&quot;},&quot;_id&quot;:&quot;1077a72&quot;,&quot;jet_parallax_layout_image_tablet&quot;:{&quot;url&quot;:&quot;&quot;,&quot;id&quot;:&quot;&quot;,&quot;size&quot;:&quot;&quot;},&quot;jet_parallax_layout_image_mobile&quot;:{&quot;url&quot;:&quot;&quot;,&quot;id&quot;:&quot;&quot;,&quot;size&quot;:&quot;&quot;},&quot;jet_parallax_layout_speed&quot;:{&quot;unit&quot;:&quot;%&quot;,&quot;size&quot;:50,&quot;sizes&quot;:[]},&quot;jet_parallax_layout_type&quot;:&quot;scroll&quot;,&quot;jet_parallax_layout_direction&quot;:&quot;1&quot;,&quot;jet_parallax_layout_fx_direction&quot;:null,&quot;jet_parallax_layout_z_index&quot;:&quot;&quot;,&quot;jet_parallax_layout_bg_x&quot;:50,&quot;jet_parallax_layout_bg_x_tablet&quot;:&quot;&quot;,&quot;jet_parallax_layout_bg_x_mobile&quot;:&quot;&quot;,&quot;jet_parallax_layout_bg_y&quot;:50,&quot;jet_parallax_layout_bg_y_tablet&quot;:&quot;&quot;,&quot;jet_parallax_layout_bg_y_mobile&quot;:&quot;&quot;,&quot;jet_parallax_layout_bg_size&quot;:&quot;auto&quot;,&quot;jet_parallax_layout_bg_size_tablet&quot;:&quot;&quot;,&quot;jet_parallax_layout_bg_size_mobile&quot;:&quot;&quot;,&quot;jet_parallax_layout_animation_prop&quot;:&quot;transform&quot;,&quot;jet_parallax_layout_on&quot;:[&quot;desktop&quot;,&quot;tablet&quot;]}]}\">\n\t\t\t\t\t\t<div class=\"elementor-container elementor-column-gap-default\">\n\t\t\t\t\t<div class=\"elementor-column elementor-col-100 elementor-top-column elementor-element elementor-element-325b147\" data-id=\"325b147\" data-element_type=\"column\" data-e-type=\"column\">\n\t\t\t<div class=\"elementor-widget-wrap elementor-element-populated\">\n\t\t\t\t\t\t<div class=\"elementor-element elementor-element-405c0d4 animated-slow elementor-invisible elementor-widget elementor-widget-jet-button\" data-id=\"405c0d4\" data-element_type=\"widget\" data-e-type=\"widget\" data-settings=\"{&quot;_animation&quot;:&quot;fadeInUp&quot;,&quot;_animation_delay&quot;:700}\" data-widget_type=\"jet-button.default\">\n\t\t\t\t<div class=\"elementor-widget-container\">\n\t\t\t\t\t<div class=\"elementor-jet-button jet-elements\"><div class=\"jet-button__container\">\n\t<a class=\"jet-button__instance jet-button__instance--icon-left hover-effect-1\" href=\"https:\/\/www.aktionlegal.com\/equipo\/#e5\">\n\t\t<div class=\"jet-button__plane jet-button__plane-normal\"><\/div>\n\t\t<div class=\"jet-button__plane jet-button__plane-hover\"><\/div>\n\t\t<div class=\"jet-button__state jet-button__state-normal\">\n\t\t\t<span class=\"jet-button__icon jet-elements-icon\"><svg xmlns=\"http:\/\/www.w3.org\/2000\/svg\" xmlns:xlink=\"http:\/\/www.w3.org\/1999\/xlink\" id=\"Capa_1\" x=\"0px\" y=\"0px\" width=\"268.833px\" height=\"268.833px\" viewBox=\"0 0 268.833 268.833\" style=\"enable-background:new 0 0 268.833 268.833;\" xml:space=\"preserve\"><g>\t<path d=\"M256.333,121.916H42.679l58.659-58.661c4.882-4.882,4.882-12.796,0-17.678c-4.883-4.881-12.797-4.881-17.678,0l-79.998,80   c-4.883,4.882-4.883,12.796,0,17.678l80,80c2.439,2.439,5.64,3.661,8.839,3.661s6.397-1.222,8.839-3.661   c4.882-4.882,4.882-12.796,0-17.678l-58.661-58.661h213.654c6.903,0,12.5-5.598,12.5-12.5   C268.833,127.513,263.236,121.916,256.333,121.916z\"><\/path><\/g><g><\/g><g><\/g><g><\/g><g><\/g><g><\/g><g><\/g><g><\/g><g><\/g><g><\/g><g><\/g><g><\/g><g><\/g><g><\/g><g><\/g><g><\/g><\/svg><\/span><span class=\"jet-button__label\">Volver a equipo<\/span>\t\t<\/div>\n\t\t<div class=\"jet-button__state jet-button__state-hover\">\n\t\t\t<span class=\"jet-button__icon jet-elements-icon\"><svg xmlns=\"http:\/\/www.w3.org\/2000\/svg\" xmlns:xlink=\"http:\/\/www.w3.org\/1999\/xlink\" id=\"Capa_1\" x=\"0px\" y=\"0px\" width=\"268.833px\" height=\"268.833px\" viewBox=\"0 0 268.833 268.833\" style=\"enable-background:new 0 0 268.833 268.833;\" xml:space=\"preserve\"><g>\t<path d=\"M256.333,121.916H42.679l58.659-58.661c4.882-4.882,4.882-12.796,0-17.678c-4.883-4.881-12.797-4.881-17.678,0l-79.998,80   c-4.883,4.882-4.883,12.796,0,17.678l80,80c2.439,2.439,5.64,3.661,8.839,3.661s6.397-1.222,8.839-3.661   c4.882-4.882,4.882-12.796,0-17.678l-58.661-58.661h213.654c6.903,0,12.5-5.598,12.5-12.5   C268.833,127.513,263.236,121.916,256.333,121.916z\"><\/path><\/g><g><\/g><g><\/g><g><\/g><g><\/g><g><\/g><g><\/g><g><\/g><g><\/g><g><\/g><g><\/g><g><\/g><g><\/g><g><\/g><g><\/g><g><\/g><\/svg><\/span><span class=\"jet-button__label\">ir<\/span>\t\t<\/div>\n\t<\/a>\n<\/div>\n<\/div>\t\t\t\t<\/div>\n\t\t\t\t<\/div>\n\t\t\t\t\t<\/div>\n\t\t<\/div>\n\t\t\t\t\t<\/div>\n\t\t<\/section>\n\t\t\t\t<section class=\"elementor-section elementor-top-section elementor-element elementor-element-e72e1b9 elementor-section-stretched elementor-section-boxed elementor-section-height-default elementor-section-height-default\" data-id=\"e72e1b9\" data-element_type=\"section\" data-e-type=\"section\" data-settings=\"{&quot;jet_parallax_layout_list&quot;:[{&quot;_id&quot;:&quot;96227c9&quot;,&quot;jet_parallax_layout_image&quot;:{&quot;url&quot;:&quot;&quot;,&quot;id&quot;:&quot;&quot;,&quot;size&quot;:&quot;&quot;},&quot;jet_parallax_layout_image_tablet&quot;:{&quot;url&quot;:&quot;&quot;,&quot;id&quot;:&quot;&quot;,&quot;size&quot;:&quot;&quot;},&quot;jet_parallax_layout_image_mobile&quot;:{&quot;url&quot;:&quot;&quot;,&quot;id&quot;:&quot;&quot;,&quot;size&quot;:&quot;&quot;},&quot;jet_parallax_layout_speed&quot;:{&quot;unit&quot;:&quot;%&quot;,&quot;size&quot;:50,&quot;sizes&quot;:[]},&quot;jet_parallax_layout_type&quot;:&quot;scroll&quot;,&quot;jet_parallax_layout_direction&quot;:&quot;1&quot;,&quot;jet_parallax_layout_fx_direction&quot;:null,&quot;jet_parallax_layout_z_index&quot;:&quot;&quot;,&quot;jet_parallax_layout_bg_x&quot;:50,&quot;jet_parallax_layout_bg_x_tablet&quot;:&quot;&quot;,&quot;jet_parallax_layout_bg_x_mobile&quot;:&quot;&quot;,&quot;jet_parallax_layout_bg_y&quot;:50,&quot;jet_parallax_layout_bg_y_tablet&quot;:&quot;&quot;,&quot;jet_parallax_layout_bg_y_mobile&quot;:&quot;&quot;,&quot;jet_parallax_layout_bg_size&quot;:&quot;auto&quot;,&quot;jet_parallax_layout_bg_size_tablet&quot;:&quot;&quot;,&quot;jet_parallax_layout_bg_size_mobile&quot;:&quot;&quot;,&quot;jet_parallax_layout_animation_prop&quot;:&quot;transform&quot;,&quot;jet_parallax_layout_on&quot;:[&quot;desktop&quot;,&quot;tablet&quot;]}],&quot;stretch_section&quot;:&quot;section-stretched&quot;}\">\n\t\t\t\t\t\t<div class=\"elementor-container elementor-column-gap-default\">\n\t\t\t\t\t<div class=\"elementor-column elementor-col-33 elementor-top-column elementor-element elementor-element-f69922f\" data-id=\"f69922f\" data-element_type=\"column\" data-e-type=\"column\">\n\t\t\t<div class=\"elementor-widget-wrap elementor-element-populated\">\n\t\t\t\t\t\t<div class=\"elementor-element elementor-element-990b4b1 elementor-widget elementor-widget-image\" data-id=\"990b4b1\" data-element_type=\"widget\" data-e-type=\"widget\" data-widget_type=\"image.default\">\n\t\t\t\t<div class=\"elementor-widget-container\">\n\t\t\t\t\t\t\t\t\t\t\t\t\t\t\t<img decoding=\"async\" src=\"https:\/\/www.aktionlegal.com\/wp-content\/uploads\/2024\/05\/Guillermo_U-1.svg\" title=\"Guillermo_U\" alt=\"Guillermo_U\" loading=\"lazy\" \/>\t\t\t\t\t\t\t\t\t\t\t\t\t\t\t<\/div>\n\t\t\t\t<\/div>\n\t\t\t\t\t<\/div>\n\t\t<\/div>\n\t\t\t\t<div class=\"elementor-column elementor-col-33 elementor-top-column elementor-element elementor-element-4195e65 elementor-hidden-phone\" data-id=\"4195e65\" data-element_type=\"column\" data-e-type=\"column\">\n\t\t\t<div class=\"elementor-widget-wrap elementor-element-populated\">\n\t\t\t\t\t\t<div class=\"elementor-element elementor-element-1bb7bb8 elementor-widget elementor-widget-spacer\" data-id=\"1bb7bb8\" data-element_type=\"widget\" data-e-type=\"widget\" data-widget_type=\"spacer.default\">\n\t\t\t\t<div class=\"elementor-widget-container\">\n\t\t\t\t\t\t\t<div class=\"elementor-spacer\">\n\t\t\t<div class=\"elementor-spacer-inner\"><\/div>\n\t\t<\/div>\n\t\t\t\t\t\t<\/div>\n\t\t\t\t<\/div>\n\t\t\t\t\t<\/div>\n\t\t<\/div>\n\t\t\t\t<div class=\"elementor-column elementor-col-33 elementor-top-column elementor-element elementor-element-536af61\" data-id=\"536af61\" data-element_type=\"column\" data-e-type=\"column\">\n\t\t\t<div class=\"elementor-widget-wrap elementor-element-populated\">\n\t\t\t\t\t\t<div class=\"elementor-element elementor-element-2e8830c elementor-widget elementor-widget-text-editor\" data-id=\"2e8830c\" data-element_type=\"widget\" data-e-type=\"widget\" data-widget_type=\"text-editor.default\">\n\t\t\t\t<div class=\"elementor-widget-container\">\n\t\t\t\t\t\t\t\t\t<strong>Guillermo<\/strong> Urbez\t\t\t\t\t\t\t\t<\/div>\n\t\t\t\t<\/div>\n\t\t\t\t<div class=\"elementor-element elementor-element-0161a8f animated-slow elementor-invisible elementor-widget elementor-widget-text-editor\" data-id=\"0161a8f\" data-element_type=\"widget\" data-e-type=\"widget\" data-settings=\"{&quot;_animation&quot;:&quot;fadeInUp&quot;}\" data-widget_type=\"text-editor.default\">\n\t\t\t\t<div class=\"elementor-widget-container\">\n\t\t\t\t\t\t\t\t\t<h5>Corporate &amp; Startup \u2013 Lawyer<\/h5>\t\t\t\t\t\t\t\t<\/div>\n\t\t\t\t<\/div>\n\t\t\t\t<div class=\"elementor-element elementor-element-9961036 animated-slow elementor-invisible elementor-widget elementor-widget-text-editor\" data-id=\"9961036\" data-element_type=\"widget\" data-e-type=\"widget\" data-settings=\"{&quot;_animation&quot;:&quot;fadeInUp&quot;}\" data-widget_type=\"text-editor.default\">\n\t\t\t\t<div class=\"elementor-widget-container\">\n\t\t\t\t\t\t\t\t\t<p>Guillermo ha desarrollado su carrera profesional en firmas especializadas en derecho mercantil y asesoramiento a startups, a empresas nacionales e internacionales.<\/p><p>Es especialista en el asesoramiento societario y mercantil a corporates, startups e inversores, con experiencia en operaciones de Venture Capital y M&amp;A, en la elaboraci\u00f3n y negociaci\u00f3n de pacto de socios, resoluci\u00f3n de conflictos societarios, constituci\u00f3n de sociedades, as\u00ed como en la redacci\u00f3n de contratos mercantiles. Tambi\u00e9n ha constituido fundaciones espa\u00f1olas de \u00e1mbito nacional.<\/p>\t\t\t\t\t\t\t\t<\/div>\n\t\t\t\t<\/div>\n\t\t\t\t<div class=\"elementor-element elementor-element-8efa983 animated-slow elementor-invisible elementor-widget elementor-widget-text-editor\" data-id=\"8efa983\" data-element_type=\"widget\" data-e-type=\"widget\" data-settings=\"{&quot;_animation&quot;:&quot;fadeInUp&quot;,&quot;_animation_delay&quot;:300}\" data-widget_type=\"text-editor.default\">\n\t\t\t\t<div class=\"elementor-widget-container\">\n\t\t\t\t\t\t\t\t\t<p>\u00c1reas de especializaci\u00f3n:<\/p><ul><li><div class=\"react-pdf__Page__textContent textLayer\" data-main-rotation=\"0\"><span dir=\"ltr\" role=\"presentation\">Corporate, asesoramiento mercantil y societario.<\/span><\/div><\/li><li><div class=\"react-pdf__Page__textContent textLayer\" data-main-rotation=\"0\"><span dir=\"ltr\" role=\"presentation\">Venture Capital, Private Equity y M&amp;A.<\/span><\/div><\/li><li><div class=\"react-pdf__Page__textContent textLayer\" data-main-rotation=\"0\"><span dir=\"ltr\" role=\"presentation\">Constituci\u00f3n de fundaciones.<\/span><div class=\"endOfContent\">\u00a0<\/div><\/div><\/li><\/ul>\t\t\t\t\t\t\t\t<\/div>\n\t\t\t\t<\/div>\n\t\t\t\t\t<\/div>\n\t\t<\/div>\n\t\t\t\t\t<\/div>\n\t\t<\/section>\n\t\t\t\t<\/div>\n\t\t","protected":false},"excerpt":{"rendered":"<p>Volver a equipo ir Guillermo Urbez Corporate &amp; Startup \u2013 Lawyer Guillermo ha desarrollado su carrera profesional en firmas especializadas en derecho mercantil y asesoramiento a startups, a empresas nacionales e internacionales. Es especialista en el asesoramiento societario y mercantil a corporates, startups e inversores, con experiencia en operaciones de Venture Capital y M&amp;A, en [&hellip;]<\/p>\n","protected":false},"author":1,"featured_media":0,"parent":0,"menu_order":0,"comment_status":"closed","ping_status":"closed","template":"","meta":{"footnotes":""},"class_list":["post-19526","page","type-page","status-publish","hentry"],"_links":{"self":[{"href":"https:\/\/www.aktionlegal.com\/pt\/wp-json\/wp\/v2\/pages\/19526","targetHints":{"allow":["GET"]}}],"collection":[{"href":"https:\/\/www.aktionlegal.com\/pt\/wp-json\/wp\/v2\/pages"}],"about":[{"href":"https:\/\/www.aktionlegal.com\/pt\/wp-json\/wp\/v2\/types\/page"}],"author":[{"embeddable":true,"href":"https:\/\/www.aktionlegal.com\/pt\/wp-json\/wp\/v2\/users\/1"}],"replies":[{"embeddable":true,"href":"https:\/\/www.aktionlegal.com\/pt\/wp-json\/wp\/v2\/comments?post=19526"}],"version-history":[{"count":0,"href":"https:\/\/www.aktionlegal.com\/pt\/wp-json\/wp\/v2\/pages\/19526\/revisions"}],"wp:attachment":[{"href":"https:\/\/www.aktionlegal.com\/pt\/wp-json\/wp\/v2\/media?parent=19526"}],"curies":[{"name":"wp","href":"https:\/\/api.w.org\/{rel}","templated":true}]}}